{"id":2461,"date":"2012-12-05T17:14:29","date_gmt":"2012-12-05T17:14:29","guid":{"rendered":"http:\/\/theme-fusion.com\/avadatest\/?page_id=2461"},"modified":"2024-07-19T20:33:56","modified_gmt":"2024-07-19T20:33:56","slug":"contacto","status":"publish","type":"page","link":"https:\/\/improntaconsulting.es\/wordpress\/contacto\/","title":{"rendered":"Contacto"},"content":{"rendered":"<div class=\"fusion-fullwidth fullwidth-box fusion-builder-row-1 hundred-percent-fullwidth non-hundred-percent-height-scrolling\" style=\"background-color: rgba(255,255,255,0);background-position: center center;background-repeat: no-repeat;padding-top:0px;padding-right:0px;padding-bottom:0px;padding-left:0px;margin-bottom: 0px;margin-top: 0px;border-width: 0px 0px 0px 0px;border-color:#eae9e9;border-style:solid;\" ><div class=\"fusion-builder-row fusion-row\"><div class=\"fusion-layout-column fusion_builder_column fusion-builder-column-0 fusion_builder_column_1_2 1_2 fusion-one-half fusion-column-first\" style=\"width:50%;width:calc(50% - ( ( 4% ) * 0.5 ) );margin-right: 4%;margin-top:0px;margin-bottom:20px;\"><div class=\"fusion-column-wrapper fusion-flex-column-wrapper-legacy\" style=\"background-position:left top;background-repeat:no-repeat;-webkit-background-size:cover;-moz-background-size:cover;-o-background-size:cover;background-size:cover;padding: 0px 0px 0px 0px;\">\n<style type=\"text\/css\"><\/style><div class=\"fusion-title title fusion-title-1 fusion-title-text fusion-title-size-two\" style=\"margin-top:0px;margin-bottom:31px;\"><h2 class=\"title-heading-left\" style=\"margin:0;\">B\u00fasqueda directa, Evaluaci\u00f3n y Desarrollo.<\/h2><div class=\"title-sep-container\"><div class=\"title-sep sep-double sep-solid\" style=\"border-color:#e0dede;\"><\/div><\/div><\/div>\n<p><strong>Impronta Consulting<\/strong> somos una firma de B\u00fasqueda directa y selecci\u00f3n, Evaluaci\u00f3n y Desarrollo de Alta Direcci\u00f3n, Mandos Intermedios y Profesionales Cualificados.<br \/>\nEl Equipo de Impronta Consulting tenemos m\u00e1s de 20 a\u00f1os de experiencia habiendo colaborado en la B\u00fasqueda y captaci\u00f3n, Evaluaci\u00f3n y Desarrollo de directivos, mandos y profesionales tanto de empresas multinacionales l\u00edderes en sus respectivos sectores, como en empresas de tama\u00f1o Pyme y Micropyme.<\/p>\n<p>Ejecutamos proyectos a nivel nacional e internacional.<\/p>\n<p>Nuestro objetivo es superar las expectativas que nuestros clientes depositan en nosotros garantizando un compromiso constante con la excelencia en la prestaci\u00f3n de nuestros servicios.<\/p>\n<div class=\"fusion-clearfix\"><\/div><\/div><\/div>\n<div class=\"fusion-layout-column fusion_builder_column fusion-builder-column-1 fusion_builder_column_1_2 1_2 fusion-one-half fusion-column-last\" style=\"width:50%;width:calc(50% - ( ( 4% ) * 0.5 ) );margin-top:0px;margin-bottom:20px;\"><div class=\"fusion-column-wrapper fusion-flex-column-wrapper-legacy\" style=\"background-position:left top;background-repeat:no-repeat;-webkit-background-size:cover;-moz-background-size:cover;-o-background-size:cover;background-size:cover;padding: 0px 0px 0px 0px;\">\n<p><img src=\"https:\/\/improntaconsulting.es\/wordpress\/wp-content\/uploads\/2013\/05\/LOGO_impronta_COL1.png\" alt=\"\" \/><\/p>\n<p>BILBAO \/ Ercilla, 26. 48011 Bilbao<br \/>\nT. (+34) 94 427 77 40<br \/>\n&#8211;<br \/>\nMADRID \/ Goya, 51. 28001 Madrid<br \/>\nT. (+34) 91 173 86 76<\/p>\n<p>Spain<\/p>\n<p><strong><a href=\"mailto:info@improntaconsulting.es\">info@improntaconsulting.es<\/a><\/strong><\/p>\n<div class=\"fusion-clearfix\"><\/div><\/div><\/div><\/div><style type=\"text\/css\">.fusion-fullwidth.fusion-builder-row-1 { overflow:visible; }<\/style><\/div>\n","protected":false},"excerpt":{"rendered":"","protected":false},"author":1,"featured_media":0,"parent":0,"menu_order":0,"comment_status":"open","ping_status":"closed","template":"","meta":[],"_links":{"self":[{"href":"https:\/\/improntaconsulting.es\/wordpress\/wp-json\/wp\/v2\/pages\/2461"}],"collection":[{"href":"https:\/\/improntaconsulting.es\/wordpress\/wp-json\/wp\/v2\/pages"}],"about":[{"href":"https:\/\/improntaconsulting.es\/wordpress\/wp-json\/wp\/v2\/types\/page"}],"author":[{"embeddable":true,"href":"https:\/\/improntaconsulting.es\/wordpress\/wp-json\/wp\/v2\/users\/1"}],"replies":[{"embeddable":true,"href":"https:\/\/improntaconsulting.es\/wordpress\/wp-json\/wp\/v2\/comments?post=2461"}],"version-history":[{"count":21,"href":"https:\/\/improntaconsulting.es\/wordpress\/wp-json\/wp\/v2\/pages\/2461\/revisions"}],"predecessor-version":[{"id":4114,"href":"https:\/\/improntaconsulting.es\/wordpress\/wp-json\/wp\/v2\/pages\/2461\/revisions\/4114"}],"wp:attachment":[{"href":"https:\/\/improntaconsulting.es\/wordpress\/wp-json\/wp\/v2\/media?parent=2461"}],"curies":[{"name":"wp","href":"https:\/\/api.w.org\/{rel}","templated":true}]}}