{"id":3853,"date":"2013-05-22T15:11:38","date_gmt":"2013-05-22T15:11:38","guid":{"rendered":"https:\/\/improntaconsulting.es\/wordpress\/?page_id=3853"},"modified":"2017-05-09T09:53:32","modified_gmt":"2017-05-09T09:53:32","slug":"sector-industrial","status":"publish","type":"page","link":"https:\/\/improntaconsulting.es\/wordpress\/sector-industrial\/","title":{"rendered":"Sector Industrial"},"content":{"rendered":"<div class=\"fusion-fullwidth fullwidth-box fusion-builder-row-1 hundred-percent-fullwidth non-hundred-percent-height-scrolling\" style=\"background-color: rgba(255,255,255,0);background-position: center center;background-repeat: no-repeat;padding-top:0px;padding-right:0px;padding-bottom:0px;padding-left:0px;margin-bottom: 0px;margin-top: 0px;border-width: 0px 0px 0px 0px;border-color:#eae9e9;border-style:solid;\" ><div class=\"fusion-builder-row fusion-row\"><div class=\"fusion-layout-column fusion_builder_column fusion-builder-column-0 fusion_builder_column_1_2 1_2 fusion-one-half fusion-column-first\" style=\"width:50%;width:calc(50% - ( ( 4% ) * 0.5 ) );margin-right: 4%;margin-top:0px;margin-bottom:20px;\"><div class=\"fusion-column-wrapper fusion-flex-column-wrapper-legacy\" style=\"background-position:left top;background-repeat:no-repeat;-webkit-background-size:cover;-moz-background-size:cover;-o-background-size:cover;background-size:cover;padding: 0px 0px 0px 0px;\">\nHemos colaborado con Siderometal\u00fargicas, Automoci\u00f3n, EPC&#8217;s, M\u00e1quina-herramienta, Acer\u00edas, El\u00e9ctricas, Bienes de Equipo, Aeron\u00e1utico, Aeroespacial\u2026<\/p>\n<p>La internacionalizaci\u00f3n de la empresa, la implantaci\u00f3n de nuevos agentes internacionales a nivel local, la inexistencia de barreras geogr\u00e1ficas, las oscilaciones de las materias primas, deslocalizaciones en mercados emergentes, incremento necesario de inversi\u00f3n en investigaci\u00f3n para la diferenciaci\u00f3n, regulaciones de Medio Ambiente\u2026 han dibujado un nuevo escenario m\u00e1s exigente, m\u00e1s competitivo y con necesidad de anticipaci\u00f3n.<\/p>\n<div class=\"fusion-clearfix\"><\/div><\/div><\/div>\n<div class=\"fusion-layout-column fusion_builder_column fusion-builder-column-1 fusion_builder_column_1_2 1_2 fusion-one-half fusion-column-last\" style=\"width:50%;width:calc(50% - ( ( 4% ) * 0.5 ) );margin-top:0px;margin-bottom:20px;\"><div class=\"fusion-column-wrapper fusion-flex-column-wrapper-legacy\" style=\"background-position:left top;background-repeat:no-repeat;-webkit-background-size:cover;-moz-background-size:cover;-o-background-size:cover;background-size:cover;padding: 0px 0px 0px 0px;\">\nDesde<strong> Impronta Consulting<\/strong> hemos ayudado a clientes del sector industrial en la mejora de sus resultados tanto desde la b\u00fasqueda, captaci\u00f3n e incorporaci\u00f3n de profesionales en todos los niveles de la organizaci\u00f3n, como con la evaluaci\u00f3n de profesionales para la toma de decisiones, y en el desarrollo de los mismos garantizando la m\u00e1xima preparaci\u00f3n para abordar con \u00e9xito los retos del sector y de cada cliente en un entorno cada vez m\u00e1s competitivo.<\/p>\n<p>Hemos colaborado en la B\u00fasqueda de profesionales para liderar la apertura, implantaci\u00f3n o desarrollo en nuevos mercados (Europa, Latam, USA, Canad\u00e1, Oriente Medio y Asia)<\/p>\n<p>Nuestra experiencia alcanzar tanto la primera y segunda l\u00ednea directiva en F\u00e1bricas (Directores de planta, Dtor. de Producci\u00f3n, Dtor. Log\u00edstica, Jefes de Turno) como en Servicios Centrales (Comit\u00e9s de Direcci\u00f3n, Directores de Unidad y T\u00e9cnicos de \u00e1reas)<div class=\"fusion-clearfix\"><\/div><\/div><\/div><\/div><style type=\"text\/css\">.fusion-fullwidth.fusion-builder-row-1 { overflow:visible; }<\/style><\/div>\n","protected":false},"excerpt":{"rendered":"","protected":false},"author":1,"featured_media":0,"parent":0,"menu_order":0,"comment_status":"closed","ping_status":"closed","template":"","meta":[],"_links":{"self":[{"href":"https:\/\/improntaconsulting.es\/wordpress\/wp-json\/wp\/v2\/pages\/3853"}],"collection":[{"href":"https:\/\/improntaconsulting.es\/wordpress\/wp-json\/wp\/v2\/pages"}],"about":[{"href":"https:\/\/improntaconsulting.es\/wordpress\/wp-json\/wp\/v2\/types\/page"}],"author":[{"embeddable":true,"href":"https:\/\/improntaconsulting.es\/wordpress\/wp-json\/wp\/v2\/users\/1"}],"replies":[{"embeddable":true,"href":"https:\/\/improntaconsulting.es\/wordpress\/wp-json\/wp\/v2\/comments?post=3853"}],"version-history":[{"count":11,"href":"https:\/\/improntaconsulting.es\/wordpress\/wp-json\/wp\/v2\/pages\/3853\/revisions"}],"predecessor-version":[{"id":4064,"href":"https:\/\/improntaconsulting.es\/wordpress\/wp-json\/wp\/v2\/pages\/3853\/revisions\/4064"}],"wp:attachment":[{"href":"https:\/\/improntaconsulting.es\/wordpress\/wp-json\/wp\/v2\/media?parent=3853"}],"curies":[{"name":"wp","href":"https:\/\/api.w.org\/{rel}","templated":true}]}}