{"id":3872,"date":"2013-05-22T15:27:34","date_gmt":"2013-05-22T15:27:34","guid":{"rendered":"https:\/\/improntaconsulting.es\/wordpress\/?page_id=3872"},"modified":"2017-05-09T09:53:32","modified_gmt":"2017-05-09T09:53:32","slug":"sector-it-telco","status":"publish","type":"page","link":"https:\/\/improntaconsulting.es\/wordpress\/sector-it-telco\/","title":{"rendered":"Sector IT &#038; Telco"},"content":{"rendered":"<div class=\"fusion-fullwidth fullwidth-box fusion-builder-row-1 hundred-percent-fullwidth non-hundred-percent-height-scrolling\" style=\"background-color: rgba(255,255,255,0);background-position: center center;background-repeat: no-repeat;padding-top:0px;padding-right:0px;padding-bottom:0px;padding-left:0px;margin-bottom: 0px;margin-top: 0px;border-width: 0px 0px 0px 0px;border-color:#eae9e9;border-style:solid;\" ><div class=\"fusion-builder-row fusion-row\"><div class=\"fusion-layout-column fusion_builder_column fusion-builder-column-0 fusion_builder_column_1_2 1_2 fusion-one-half fusion-column-first\" style=\"width:50%;width:calc(50% - ( ( 4% ) * 0.5 ) );margin-right: 4%;margin-top:0px;margin-bottom:20px;\"><div class=\"fusion-column-wrapper fusion-flex-column-wrapper-legacy\" style=\"background-position:left top;background-repeat:no-repeat;-webkit-background-size:cover;-moz-background-size:cover;-o-background-size:cover;background-size:cover;padding: 0px 0px 0px 0px;\">\nEs uno de los sectores que m\u00e1s r\u00e1pido avanza, donde confluye una alta competencia, la internacionalizaci\u00f3n y\/o deslocalizaci\u00f3n bien de la empresa como de los departamentos son constantes, la variaci\u00f3n de los h\u00e1bitos de consumo provocada por la evoluci\u00f3n constante e imparable de los productos y servicios, as\u00ed como por la aparici\u00f3n de modelos de comunicaci\u00f3n de gran \u00e9xito.<\/p>\n<p>Este car\u00e1cter imprevisible de la evoluci\u00f3n del sector, consustancial al mismo, provoca que se tengan que enfrentar constantemente a una gama de posibles escenarios que vendr\u00e1n determinados por la manera en que estas compa\u00f1\u00edas respondan al crecimiento del mercado y a un modelo dominante de competitividad o integraci\u00f3n entre actores.<br \/>\nCada supuesto requiere una estrategia y un papel diferentes para que el proveedor de servicios de comunicaciones pueda actuar con \u00e9xito<\/p>\n<div class=\"fusion-clearfix\"><\/div><\/div><\/div>\n<div class=\"fusion-layout-column fusion_builder_column fusion-builder-column-1 fusion_builder_column_1_2 1_2 fusion-one-half fusion-column-last\" style=\"width:50%;width:calc(50% - ( ( 4% ) * 0.5 ) );margin-top:0px;margin-bottom:20px;\"><div class=\"fusion-column-wrapper fusion-flex-column-wrapper-legacy\" style=\"background-position:left top;background-repeat:no-repeat;-webkit-background-size:cover;-moz-background-size:cover;-o-background-size:cover;background-size:cover;padding: 0px 0px 0px 0px;\">\nEn Impronta Consulting tenemos experiencia habiendo ayudado tanto a Operadoras de telefon\u00eda, Telcos, empresas de internet, .com, fabricantes-distribuidores de hardware y software, integradores\u2026<\/p>\n<p>Aportamos un amplio y s\u00f3lido conocimiento del sector lo que asegura una exitosa ejecuci\u00f3n de nuestros proyectos de B\u00fasqueda, Evaluaci\u00f3n y Desarrollo que garantizan a nuestros clientes contar en sus equipos con los mejores profesionales en cada momento, profesionales que sean capaces de liderar y gestionar a trav\u00e9s de la capacidad de adaptaci\u00f3n al cambio, flexibilidad y anticipaci\u00f3n un entorno tan exigente, competitivo y din\u00e1mico.<\/p>\n<div class=\"fusion-clearfix\"><\/div><\/div><\/div><\/div><style type=\"text\/css\">.fusion-fullwidth.fusion-builder-row-1 { overflow:visible; }<\/style><\/div>\n","protected":false},"excerpt":{"rendered":"","protected":false},"author":1,"featured_media":0,"parent":0,"menu_order":0,"comment_status":"closed","ping_status":"closed","template":"","meta":[],"_links":{"self":[{"href":"https:\/\/improntaconsulting.es\/wordpress\/wp-json\/wp\/v2\/pages\/3872"}],"collection":[{"href":"https:\/\/improntaconsulting.es\/wordpress\/wp-json\/wp\/v2\/pages"}],"about":[{"href":"https:\/\/improntaconsulting.es\/wordpress\/wp-json\/wp\/v2\/types\/page"}],"author":[{"embeddable":true,"href":"https:\/\/improntaconsulting.es\/wordpress\/wp-json\/wp\/v2\/users\/1"}],"replies":[{"embeddable":true,"href":"https:\/\/improntaconsulting.es\/wordpress\/wp-json\/wp\/v2\/comments?post=3872"}],"version-history":[{"count":8,"href":"https:\/\/improntaconsulting.es\/wordpress\/wp-json\/wp\/v2\/pages\/3872\/revisions"}],"predecessor-version":[{"id":4061,"href":"https:\/\/improntaconsulting.es\/wordpress\/wp-json\/wp\/v2\/pages\/3872\/revisions\/4061"}],"wp:attachment":[{"href":"https:\/\/improntaconsulting.es\/wordpress\/wp-json\/wp\/v2\/media?parent=3872"}],"curies":[{"name":"wp","href":"https:\/\/api.w.org\/{rel}","templated":true}]}}