{"id":3884,"date":"2013-05-22T15:33:12","date_gmt":"2013-05-22T15:33:12","guid":{"rendered":"https:\/\/improntaconsulting.es\/wordpress\/?page_id=3884"},"modified":"2017-05-09T09:53:32","modified_gmt":"2017-05-09T09:53:32","slug":"sector-de-empresa-familiar","status":"publish","type":"page","link":"https:\/\/improntaconsulting.es\/wordpress\/sector-de-empresa-familiar\/","title":{"rendered":"Sector de Empresa Familiar"},"content":{"rendered":"<div class=\"fusion-fullwidth fullwidth-box fusion-builder-row-1 hundred-percent-fullwidth non-hundred-percent-height-scrolling\" style=\"background-color: rgba(255,255,255,0);background-position: center center;background-repeat: no-repeat;padding-top:0px;padding-right:0px;padding-bottom:0px;padding-left:0px;margin-bottom: 0px;margin-top: 0px;border-width: 0px 0px 0px 0px;border-color:#eae9e9;border-style:solid;\" ><div class=\"fusion-builder-row fusion-row\"><div class=\"fusion-layout-column fusion_builder_column fusion-builder-column-0 fusion_builder_column_1_2 1_2 fusion-one-half fusion-column-first\" style=\"width:50%;width:calc(50% - ( ( 4% ) * 0.5 ) );margin-right: 4%;margin-top:0px;margin-bottom:20px;\"><div class=\"fusion-column-wrapper fusion-flex-column-wrapper-legacy\" style=\"background-position:left top;background-repeat:no-repeat;-webkit-background-size:cover;-moz-background-size:cover;-o-background-size:cover;background-size:cover;padding: 0px 0px 0px 0px;\">\nLa empresa familiar es uno de los sectores que experimenta cambios cada vez que se produce una toma de decisiones como la profesionalizaci\u00f3n de la estructura directiva o el cambio de una generaci\u00f3n a otra. Adem\u00e1s, en muchas ocasiones estos cambios vienen acompa\u00f1ados de cambios en los negocios o incluso por operar en un sector que obliga a la propia empresa a un permanente cambio.<\/p>\n<p>Los protocolos familiares suelen constituir uno de los principales retos en las empresas familiares que se han decidido a instaurarlos.<br \/>\nEn los \u00faltimos a\u00f1os la empresa familiar ha incrementado e intensificado, no s\u00f3lo la exportaci\u00f3n, sino tambi\u00e9n su internacionalizaci\u00f3n en la b\u00fasqueda de nuevos mercados que ayuden a compensar la ca\u00edda del negocio en el cliente nacional.<\/p>\n<div class=\"fusion-clearfix\"><\/div><\/div><\/div>\n<div class=\"fusion-layout-column fusion_builder_column fusion-builder-column-1 fusion_builder_column_1_2 1_2 fusion-one-half fusion-column-last\" style=\"width:50%;width:calc(50% - ( ( 4% ) * 0.5 ) );margin-top:0px;margin-bottom:20px;\"><div class=\"fusion-column-wrapper fusion-flex-column-wrapper-legacy\" style=\"background-position:left top;background-repeat:no-repeat;-webkit-background-size:cover;-moz-background-size:cover;-o-background-size:cover;background-size:cover;padding: 0px 0px 0px 0px;\">\nEl Equipo de <strong>Impronta Consulting<\/strong> tenemos una s\u00f3lida experiencia habiendo colaborado con empresas familiares y familias empresarias. Conocemos sus fortalezas y debilidades, sus ventajas competitivas y sus peligros o riesgos propios de su condici\u00f3n de empresa familiar.<\/p>\n<p>Hemos ayudado a numerosas empresas familiares en la B\u00fasqueda, captaci\u00f3n e incorporaci\u00f3n de los mejores profesionales en cada caso concreto para garantizar el \u00e9xito en el desarrollo, as\u00ed como en la sucesi\u00f3n del negocio, trabajando tanto cuando existen los protocolos familiares, como cuando no es el caso.<\/p>\n<p>Hemos colaborado en la B\u00fasqueda de profesionales para liderar la apertura o desarrollo de nuevos mercados (Europa, Latam, USA, Canad\u00e1, Oriente Medio y Asia)<br \/>\nIgualmente, hemos ayudado en la Evaluaci\u00f3n y Desarrollo de las competencias necesarias (conocimientos, habilidades y actitudes) tanto a nivel directivo como t\u00e9cnico, garantizando a nuestros clientes el mejor equipo que les asegure ser lo m\u00e1s competitivos posible en un mercado cada vez m\u00e1s exigente y agresivo.<div class=\"fusion-clearfix\"><\/div><\/div><\/div><\/div><style type=\"text\/css\">.fusion-fullwidth.fusion-builder-row-1 { overflow:visible; }<\/style><\/div>\n","protected":false},"excerpt":{"rendered":"","protected":false},"author":1,"featured_media":0,"parent":0,"menu_order":0,"comment_status":"closed","ping_status":"closed","template":"","meta":[],"_links":{"self":[{"href":"https:\/\/improntaconsulting.es\/wordpress\/wp-json\/wp\/v2\/pages\/3884"}],"collection":[{"href":"https:\/\/improntaconsulting.es\/wordpress\/wp-json\/wp\/v2\/pages"}],"about":[{"href":"https:\/\/improntaconsulting.es\/wordpress\/wp-json\/wp\/v2\/types\/page"}],"author":[{"embeddable":true,"href":"https:\/\/improntaconsulting.es\/wordpress\/wp-json\/wp\/v2\/users\/1"}],"replies":[{"embeddable":true,"href":"https:\/\/improntaconsulting.es\/wordpress\/wp-json\/wp\/v2\/comments?post=3884"}],"version-history":[{"count":4,"href":"https:\/\/improntaconsulting.es\/wordpress\/wp-json\/wp\/v2\/pages\/3884\/revisions"}],"predecessor-version":[{"id":4059,"href":"https:\/\/improntaconsulting.es\/wordpress\/wp-json\/wp\/v2\/pages\/3884\/revisions\/4059"}],"wp:attachment":[{"href":"https:\/\/improntaconsulting.es\/wordpress\/wp-json\/wp\/v2\/media?parent=3884"}],"curies":[{"name":"wp","href":"https:\/\/api.w.org\/{rel}","templated":true}]}}