{"id":72,"date":"2012-07-31T02:16:22","date_gmt":"2012-07-31T02:16:22","guid":{"rendered":"http:\/\/theme-fusion.com\/avada\/?page_id=72"},"modified":"2017-05-09T09:53:32","modified_gmt":"2017-05-09T09:53:32","slug":"soluciones","status":"publish","type":"page","link":"https:\/\/improntaconsulting.es\/wordpress\/soluciones\/","title":{"rendered":"Soluciones"},"content":{"rendered":"<div class=\"fusion-fullwidth fullwidth-box fusion-builder-row-1 hundred-percent-fullwidth non-hundred-percent-height-scrolling\" style=\"background-color: rgba(255,255,255,0);background-position: center center;background-repeat: no-repeat;padding-top:0px;padding-right:0px;padding-bottom:0px;padding-left:0px;margin-bottom: 0px;margin-top: 0px;border-width: 0px 0px 0px 0px;border-color:#eae9e9;border-style:solid;\" ><div class=\"fusion-builder-row fusion-row\"><div class=\"fusion-layout-column fusion_builder_column fusion-builder-column-0 fusion_builder_column_1_2 1_2 fusion-one-half fusion-column-first\" style=\"width:50%;width:calc(50% - ( ( 4% ) * 0.5 ) );margin-right: 4%;margin-top:0px;margin-bottom:20px;\"><div class=\"fusion-column-wrapper fusion-flex-column-wrapper-legacy\" style=\"background-position:left top;background-repeat:no-repeat;-webkit-background-size:cover;-moz-background-size:cover;-o-background-size:cover;background-size:cover;padding: 0px 0px 0px 0px;\">\n<style type=\"text\/css\"><\/style><div class=\"fusion-title title fusion-title-1 fusion-title-text fusion-title-size-two\" style=\"margin-top:0px;margin-bottom:31px;\"><h2 class=\"title-heading-left\" style=\"margin:0;\"><strong>Executive Search \/ B\u00fasqueda Directa<\/strong><\/h2><div class=\"title-sep-container\"><div class=\"title-sep sep-double sep-solid\" style=\"border-color:#e0dede;\"><\/div><\/div><\/div>\nEn primer lugar nos esforzamos en conocer a fondo cada cliente, su negocio en concreto, su hist\u00f3rico, situaci\u00f3n actual, inquietudes, preocupaciones, expectativas, cultura y valores corporativos.<\/p>\n<p>A partir de ah\u00ed, personalizamos la estrategia de B\u00fasqueda y selecci\u00f3n en cada posici\u00f3n concreta para lograr identificar y reclutar a los mejores profesionales los cuales se adapten a los requerimientos tanto t\u00e9cnico-profesionales, como a los personales, sus valores y cultura corporativa.<\/p>\n<p>Asignamos a cada proyecto el equipo de trabajo m\u00e1s apropiado en funci\u00f3n del sector y funci\u00f3n concreta de la posici\u00f3n.<br \/>\nIdentificamos proactivamente y accedemos a los mejores profesionales, aportando a cada cliente una informaci\u00f3n detallada del sector y competencia en cada momento.<\/p>\n<p>Nuestro Equipo, nuestra s\u00f3lida, contrastada y exitosa metodolog\u00eda, as\u00ed como la extensa y confiable red de contactos, garantizan la accesibilidad a los profesionales m\u00e1s apropiado en funci\u00f3n tanto del sector, como de la funci\u00f3n concreta de la posici\u00f3n.<\/p>\n<p>En Impronta gestionamos con objetividad todas las candidaturas a trav\u00e9s de un exhaustivo an\u00e1lisis de sus conocimientos, competencias y actitudes. Adem\u00e1s, garantizamos la confidencialidad de la informaci\u00f3n transmitida por los clientes y los candidatos, as\u00ed como el tratamiento de las referencias y la protecci\u00f3n de los datos.<\/p>\n<div class=\"fusion-clearfix\"><\/div><\/div><\/div>\n<div class=\"fusion-layout-column fusion_builder_column fusion-builder-column-1 fusion_builder_column_1_2 1_2 fusion-one-half fusion-column-last\" style=\"width:50%;width:calc(50% - ( ( 4% ) * 0.5 ) );margin-top:0px;margin-bottom:20px;\"><div class=\"fusion-column-wrapper fusion-flex-column-wrapper-legacy\" style=\"background-position:left top;background-repeat:no-repeat;-webkit-background-size:cover;-moz-background-size:cover;-o-background-size:cover;background-size:cover;padding: 0px 0px 0px 0px;\">\n<style type=\"text\/css\"><\/style><div class=\"fusion-title title fusion-title-2 fusion-title-text fusion-title-size-two\" style=\"margin-top:0px;margin-bottom:31px;\"><h2 class=\"title-heading-left\" style=\"margin:0;\"><strong>Development \/ Desarrollo<\/strong><\/h2><div class=\"title-sep-container\"><div class=\"title-sep sep-double sep-solid\" style=\"border-color:#e0dede;\"><\/div><\/div><\/div>\n<p>La experiencia y formaci\u00f3n de nuestro Equipo directivo nos permite Evaluar y\/o Desarrollar en competencias (conocimientos, habilidades y actitudes) a trav\u00e9s de diferentes metodolog\u00edas a la Alta Direcci\u00f3n, Mandos Intermedios y Profesionales Cualificados.<\/p>\n<p>El \u00e9xito de las empresas reside en la calidad de sus personas, de sus profesionales. En Impronta impulsamos el desarrollo de las mismas ayudando a las organizaciones en la mejora de sus Resultados.<\/p>\n<h5><strong>&#8220;No creemos en el caf\u00e9 para todos&#8221;<\/strong><\/h5>\n<p>Analizamos y comprendemos la situaci\u00f3n, el momento, los planes, las inquietudes de la organizaci\u00f3n para aportar a cada cliente su soluci\u00f3n concreta,<\/p>\n<p>En funci\u00f3n del an\u00e1lisis y reflexi\u00f3n de la situaci\u00f3n adaptamos y personalizamos nuestra metodolog\u00eda de trabajo al m\u00e1ximo. Garantizamos la ejecuci\u00f3n m\u00e1s adecuada de cada proyecto de Evaluaci\u00f3n y\/o Desarrollo. Asesoramos al cliente en todas las fases del proyecto generando una comunicaci\u00f3n clara, directa, y constante.<\/p>\n<p>Dise\u00f1amos y ejecutamos procesos de Evaluaci\u00f3n para la medida, detecci\u00f3n, desarrollo y promoci\u00f3n de potencial a trav\u00e9s de diferentes metodolog\u00edas: Assessment Center, Developmet Center, Management Audit.<\/p>\n<p>Asimismo el Equipo de Impronta tenemos experiencia en el Desarrollo de talento y potencial a trav\u00e9s de diferentes metodolog\u00edas actuando a nivel individual y de equipos. (Formaci\u00f3n, Entrenamiento, Planes de Desarrollo, Coaching)<\/p>\n<div class=\"fusion-clearfix\"><\/div><\/div><\/div><\/div><style type=\"text\/css\">.fusion-fullwidth.fusion-builder-row-1 { overflow:visible; }<\/style><\/div>\n","protected":false},"excerpt":{"rendered":"","protected":false},"author":1,"featured_media":0,"parent":0,"menu_order":0,"comment_status":"open","ping_status":"open","template":"","meta":[],"_links":{"self":[{"href":"https:\/\/improntaconsulting.es\/wordpress\/wp-json\/wp\/v2\/pages\/72"}],"collection":[{"href":"https:\/\/improntaconsulting.es\/wordpress\/wp-json\/wp\/v2\/pages"}],"about":[{"href":"https:\/\/improntaconsulting.es\/wordpress\/wp-json\/wp\/v2\/types\/page"}],"author":[{"embeddable":true,"href":"https:\/\/improntaconsulting.es\/wordpress\/wp-json\/wp\/v2\/users\/1"}],"replies":[{"embeddable":true,"href":"https:\/\/improntaconsulting.es\/wordpress\/wp-json\/wp\/v2\/comments?post=72"}],"version-history":[{"count":23,"href":"https:\/\/improntaconsulting.es\/wordpress\/wp-json\/wp\/v2\/pages\/72\/revisions"}],"predecessor-version":[{"id":4069,"href":"https:\/\/improntaconsulting.es\/wordpress\/wp-json\/wp\/v2\/pages\/72\/revisions\/4069"}],"wp:attachment":[{"href":"https:\/\/improntaconsulting.es\/wordpress\/wp-json\/wp\/v2\/media?parent=72"}],"curies":[{"name":"wp","href":"https:\/\/api.w.org\/{rel}","templated":true}]}}